{"id":5302,"date":"2022-12-09T11:55:33","date_gmt":"2022-12-09T11:55:33","guid":{"rendered":"https:\/\/hawat.qodeinteractive.com\/?page_id=5302"},"modified":"2025-10-20T15:44:24","modified_gmt":"2025-10-20T15:44:24","slug":"contact-us","status":"publish","type":"page","link":"https:\/\/lumepix.eu\/en\/contact-us\/","title":{"rendered":"V\u00f5ta meiega \u00fchendust"},"content":{"rendered":"\t\t<div data-elementor-type=\"wp-page\" data-elementor-id=\"5302\" class=\"elementor elementor-5302\">\n\t\t\t\t\t\t<section class=\"elementor-section elementor-top-section elementor-element elementor-element-1d264ef elementor-section-full_width elementor-section-height-default elementor-section-height-default\" data-id=\"1d264ef\" data-element_type=\"section\" data-e-type=\"section\">\n\t\t\t\t\t\t<div class=\"elementor-container elementor-column-gap-no\">\n\t\t\t\t\t<div class=\"elementor-column elementor-col-100 elementor-top-column elementor-element elementor-element-e44b401\" data-id=\"e44b401\" data-element_type=\"column\" data-e-type=\"column\">\n\t\t\t<div class=\"elementor-widget-wrap elementor-element-populated\">\n\t\t\t\t\t\t<section class=\"elementor-section elementor-inner-section elementor-element elementor-element-d8dc21f elementor-section-full_width qodef-elementor-content-grid elementor-section-height-default elementor-section-height-default\" data-id=\"d8dc21f\" data-element_type=\"section\" data-e-type=\"section\">\n\t\t\t\t\t\t<div class=\"elementor-container elementor-column-gap-no\">\n\t\t\t\t\t<div class=\"elementor-column elementor-col-100 elementor-inner-column elementor-element elementor-element-9acbdba\" data-id=\"9acbdba\" data-element_type=\"column\" data-e-type=\"column\">\n\t\t\t<div class=\"elementor-widget-wrap\">\n\t\t\t\t\t\t\t<\/div>\n\t\t<\/div>\n\t\t\t\t\t<\/div>\n\t\t<\/section>\n\t\t\t\t<div class=\"elementor-element elementor-element-a71ff7f elementor-widget elementor-widget-spacer\" data-id=\"a71ff7f\" data-element_type=\"widget\" data-e-type=\"widget\" data-widget_type=\"spacer.default\">\n\t\t\t\t<div class=\"elementor-widget-container\">\n\t\t\t\t\t\t\t<div class=\"elementor-spacer\">\n\t\t\t<div class=\"elementor-spacer-inner\"><\/div>\n\t\t<\/div>\n\t\t\t\t\t\t<\/div>\n\t\t\t\t<\/div>\n\t\t<div class=\"elementor-element elementor-element-b639ac0 e-grid e-con-boxed elementor-invisible e-con e-parent\" data-id=\"b639ac0\" data-element_type=\"container\" data-e-type=\"container\" data-settings=\"{&quot;animation&quot;:&quot;fadeIn&quot;,&quot;animation_tablet&quot;:&quot;zoomIn&quot;}\">\n\t\t\t\t\t<div class=\"e-con-inner\">\n\t\t\t\t<div class=\"elementor-element elementor-element-b81d4c0 elementor-widget elementor-widget-link-in-bio\" data-id=\"b81d4c0\" data-element_type=\"widget\" data-e-type=\"widget\" data-settings=\"{&quot;_animation&quot;:&quot;none&quot;}\" data-widget_type=\"link-in-bio.default\">\n\t\t\t\t<div class=\"elementor-widget-container\">\n\t\t\t\t\t\t\t<div class=\"e-link-in-bio e-link-in-bio\">\n\t\t\t<div class=\"e-link-in-bio__content\">\n\n\t\t\t\t\t\t<div class=\"e-link-in-bio__identity\">\n\t\t\t\t\t\t\t\t\t<div class=\"e-link-in-bio__identity-image e-link-in-bio__identity-image-profile has-style-circle\">\n\t\t\t\t\t\t\t<img fetchpriority=\"high\" decoding=\"async\" width=\"300\" height=\"300\" src=\"https:\/\/lumepix.eu\/wp-content\/uploads\/2024\/10\/1634030231834-300x300.jpg\" class=\"e-link-in-bio__identity-image-element\" alt=\"\" srcset=\"https:\/\/lumepix.eu\/wp-content\/uploads\/2024\/10\/1634030231834-300x300.jpg 300w, https:\/\/lumepix.eu\/wp-content\/uploads\/2024\/10\/1634030231834-150x150.jpg 150w, https:\/\/lumepix.eu\/wp-content\/uploads\/2024\/10\/1634030231834-100x100.jpg 100w, https:\/\/lumepix.eu\/wp-content\/uploads\/2024\/10\/1634030231834.jpg 599w\" sizes=\"(max-width: 300px) 100vw, 300px\" \/>\t\t\t\t\t\t\t\t\t\t\t\t\t<\/div>\n\t\t\t\t\t\t\t<\/div>\n\t\t\t\t\t<div class=\"e-link-in-bio__bio\">\n\t\t\t\t<h2 class=\"e-link-in-bio__heading\">Johannes Saar<\/h2>\t\t\t\t\t\t\t\t\t\t\t\t\t\t\t<\/div>\n\t\t\t\t\t<div class=\"e-link-in-bio__icons has-size-small\">\n\t\t\t\t\t\t\t<div class=\"e-link-in-bio__icon is-size-small\">\n\t\t\t\t\t<a href=\"https:\/\/www.linkedin.com\/in\/johannes-s-a739a847\/\" target=\"_blank\" rel=\"noopener \" aria-label=\"LinkedIn\" class=\"e-link-in-bio__icon-link\">\n\t\t\t\t\t\t<span class=\"e-link-in-bio__icon-svg\">\n\t\t\t\t\t\t\t<svg aria-hidden=\"true\" class=\"e-font-icon-svg e-fab-linkedin-in\" viewBox=\"0 0 448 512\" xmlns=\"http:\/\/www.w3.org\/2000\/svg\"><path d=\"M100.28 448H7.4V148.9h92.88zM53.79 108.1C24.09 108.1 0 83.5 0 53.8a53.79 53.79 0 0 1 107.58 0c0 29.7-24.1 54.3-53.79 54.3zM447.9 448h-92.68V302.4c0-34.7-.7-79.2-48.29-79.2-48.29 0-55.69 37.7-55.69 76.7V448h-92.78V148.9h89.08v40.8h1.3c12.4-23.5 42.69-48.3 87.88-48.3 94 0 111.28 61.9 111.28 142.3V448z\"><\/path><\/svg>\t\t\t\t\t\t<\/span>\n\t\t\t\t\t\t\t\t\t\t\t<\/a>\n\t\t\t\t<\/div>\n\t\t\t\t\t<\/div>\n\t\t\n\t\t<div class=\"e-link-in-bio__ctas has-type-button\">\n\t\t\t\t\t\t\t<a class=\"e-link-in-bio__cta is-type-button has-corners-rounded\" href=\"mailto:johannes@lumepix.ee\">\n\t\t\t\t\t\t\t\t\t\t<span class=\"e-link-in-bio__cta-text\">\n\t\t\t\t\t\tjohannes@lumepix.ee\t\t\t\t\t<\/span>\n\t\t\t\t<\/a>\n\t\t\t\t\t\t\t<a class=\"e-link-in-bio__cta is-type-button has-corners-rounded\" href=\"tel:+37256642878\">\n\t\t\t\t\t\t\t\t\t\t<span class=\"e-link-in-bio__cta-text\">\n\t\t\t\t\t\t+372 56642878\t\t\t\t\t<\/span>\n\t\t\t\t<\/a>\n\t\t\t\t\t\t\t<a class=\"e-link-in-bio__cta is-type-button has-corners-rounded\" href=\"https:\/\/wa.me\/+37256642878\">\n\t\t\t\t\t\t\t\t\t\t<span class=\"e-link-in-bio__cta-text\">\n\t\t\t\t\t\tWhatsapp\t\t\t\t\t<\/span>\n\t\t\t\t<\/a>\n\t\t\t\t\t<\/div>\n\t\t\n\t\t\t<\/div>\n\t\t\t<div class=\"e-link-in-bio__bg\">\n\t\t\t\t<div class=\"e-link-in-bio__bg-overlay\"><\/div>\n\t\t\t<\/div>\n\t\t<\/div>\n\t\t\t\t\t\t<\/div>\n\t\t\t\t<\/div>\n\t\t\t\t<div class=\"elementor-element elementor-element-b9b069c elementor-widget elementor-widget-text-editor\" data-id=\"b9b069c\" data-element_type=\"widget\" data-e-type=\"widget\" data-widget_type=\"text-editor.default\">\n\t\t\t\t<div class=\"elementor-widget-container\">\n\t\t\t\t\t\t\t\t\t<h4>\u00a0<\/h4><h4>\u00a0<\/h4><h4 style=\"text-align: center;\">Lumepix O\u00dc<\/h4><p style=\"text-align: center;\"><a class=\"contact__value\" title=\"SSB otsingu tulemused aadressile: Harju maakond, Tallinn, Kesklinna linnaosa, Nunne tn 2, 10133\" href=\"https:\/\/ssb.ee\/otsingu-tulemused\/ettevotted?locations_ee=7_0VE1\" target=\"_blank\" rel=\"noopener\">Harju maakond, Tallinn, Kesklinna linnaosa, Nunne tn 2, 10133<\/a><\/p><p style=\"text-align: center;\"><span style=\"color: #000000;\">e-mail: info@lumepix.ee<\/span><\/p><p style=\"text-align: center;\"><span style=\"color: #000000;\">tehnilised v\u00e4ljakutsed: fixit@lumepix.ee<\/span><\/p>\t\t\t\t\t\t\t\t<\/div>\n\t\t\t\t<\/div>\n\t\t\t\t\t<\/div>\n\t\t\t\t<\/div>\n\t\t\t\t\t<\/div>\n\t\t<\/div>\n\t\t\t\t\t<\/div>\n\t\t<\/section>\n\t\t<div class=\"elementor-element elementor-element-0c82bf7 e-flex e-con-boxed e-con e-parent\" data-id=\"0c82bf7\" data-element_type=\"container\" data-e-type=\"container\">\n\t\t\t\t\t<div class=\"e-con-inner\">\n\t\t\t\t<div class=\"elementor-element elementor-element-e4f9d60 elementor-widget elementor-widget-hawat_core_google_map\" data-id=\"e4f9d60\" data-element_type=\"widget\" data-e-type=\"widget\" data-widget_type=\"hawat_core_google_map.default\">\n\t\t\t\t<div class=\"elementor-widget-container\">\n\t\t\t\t\t<div class=\"qodef-shortcode qodef-m  qodef-google-map\">\n\t<div class=\"qodef-m-map\" id=\"qodef-map-id--835\" data-addresses='[\"tallinn, lai 2\"]' data-pin=https:\/\/lumepix.eu\/wp-content\/plugins\/hawat-core\/inc\/maps\/assets\/img\/pin.png data-unique-id=835 data-height=300><\/div>\n<\/div>\n\t\t\t\t<\/div>\n\t\t\t\t<\/div>\n\t\t\t\t\t<\/div>\n\t\t\t\t<\/div>\n\t\t<div class=\"elementor-element elementor-element-a9ba46a e-flex e-con-boxed e-con e-parent\" data-id=\"a9ba46a\" data-element_type=\"container\" data-e-type=\"container\">\n\t\t\t\t\t<div class=\"e-con-inner\">\n\t\t<div class=\"elementor-element elementor-element-c9c3799 e-con-full e-flex e-con e-child\" data-id=\"c9c3799\" data-element_type=\"container\" data-e-type=\"container\">\n\t\t\t\t<div class=\"elementor-element elementor-element-2468e29 elementor-widget elementor-widget-text-editor\" data-id=\"2468e29\" data-element_type=\"widget\" data-e-type=\"widget\" data-widget_type=\"text-editor.default\">\n\t\t\t\t<div class=\"elementor-widget-container\">\n\t\t\t\t\t\t\t\t\t<h5>Kirjuta meile:<\/h5>\t\t\t\t\t\t\t\t<\/div>\n\t\t\t\t<\/div>\n\t\t\t\t<\/div>\n\t\t\t\t<div class=\"elementor-element elementor-element-2630bf8 elementor-widget elementor-widget-qi_addons_for_elementor_contact_form_7\" data-id=\"2630bf8\" data-element_type=\"widget\" data-e-type=\"widget\" data-widget_type=\"qi_addons_for_elementor_contact_form_7.default\">\n\t\t\t\t<div class=\"elementor-widget-container\">\n\t\t\t\t\t<div class=\"qodef-shortcode qodef-m qodef-qi-contact-form-7\">\n\t\n<div class=\"wpcf7 no-js\" id=\"wpcf7-f944-o1\" lang=\"en-US\" dir=\"ltr\" data-wpcf7-id=\"944\">\n<div class=\"screen-reader-response\"><p role=\"status\" aria-live=\"polite\" aria-atomic=\"true\"><\/p> <ul><\/ul><\/div>\n<form action=\"\/en\/wp-json\/wp\/v2\/pages\/5302#wpcf7-f944-o1\" method=\"post\" class=\"wpcf7-form init\" aria-label=\"Contact form\" novalidate=\"novalidate\" data-status=\"init\">\n<fieldset class=\"hidden-fields-container\"><input type=\"hidden\" name=\"_wpcf7\" value=\"944\" \/><input type=\"hidden\" name=\"_wpcf7_version\" value=\"6.1.5\" \/><input type=\"hidden\" name=\"_wpcf7_locale\" value=\"en_US\" \/><input type=\"hidden\" name=\"_wpcf7_unit_tag\" value=\"wpcf7-f944-o1\" \/><input type=\"hidden\" name=\"_wpcf7_container_post\" value=\"0\" \/><input type=\"hidden\" name=\"_wpcf7_posted_data_hash\" value=\"\" \/>\n<\/fieldset>\n<\/label> <span class=\"wpcf7-form-control-wrap\" data-name=\"your-name\"><input size=\"40\" maxlength=\"400\" class=\"wpcf7-form-control wpcf7-text wpcf7-validates-as-required\" autocomplete=\"name\" aria-required=\"true\" aria-invalid=\"false\" placeholder=\"Sinu Nimi\" value=\"\" type=\"text\" name=\"your-name\" \/><\/span> <\/label>\n<span class=\"wpcf7-form-control-wrap\" data-name=\"your-email\"><input size=\"40\" maxlength=\"400\" class=\"wpcf7-form-control wpcf7-email wpcf7-validates-as-required wpcf7-text wpcf7-validates-as-email\" autocomplete=\"email\" aria-required=\"true\" aria-invalid=\"false\" placeholder=\"E-mail\" value=\"\" type=\"email\" name=\"your-email\" \/><\/span>\n<span class=\"wpcf7-form-control-wrap\" data-name=\"your-tel\"><input size=\"40\" maxlength=\"15\" minlength=\"3\" class=\"wpcf7-form-control wpcf7-tel wpcf7-validates-as-required wpcf7-text wpcf7-validates-as-tel\" autocomplete=\"tel\" aria-required=\"true\" aria-invalid=\"false\" placeholder=\"Telefon\" value=\"\" type=\"tel\" name=\"your-tel\" \/><\/span>\n<span class=\"wpcf7-form-control-wrap\" data-name=\"your-subject\"><input size=\"40\" maxlength=\"50\" class=\"wpcf7-form-control wpcf7-text\" aria-invalid=\"false\" placeholder=\"Pealkiri\" value=\"\" type=\"text\" name=\"your-subject\" \/><\/span>\n<span class=\"wpcf7-form-control-wrap\" data-name=\"your-message\"><textarea cols=\"40\" rows=\"10\" maxlength=\"1000\" class=\"wpcf7-form-control wpcf7-textarea wpcf7-validates-as-required\" aria-required=\"true\" aria-invalid=\"false\" placeholder=\"S\u00f5num\" name=\"your-message\"><\/textarea><\/span>\n<button class=\"wpcf7-form-control wpcf7-submit qodef-shortcode qodef-m qodef-button qodef-layout--filled qodef-html--link\" type=\"submit\"><span class=\"qodef-m-text\">Saada<\/span><span class=\"qodef-m-icon\"><svg class=\"qodef-svg--plus-20\" width=\"20.252\" height=\"20.252\" viewBox=\"0 0 20.252 20.252\"><path d=\"M0 10.217h20.252M10.125 20.252V0\" \/><\/svg><\/span><\/button><p style=\"display: none !important;\" class=\"akismet-fields-container\" data-prefix=\"_wpcf7_ak_\"><label>&#916;<textarea name=\"_wpcf7_ak_hp_textarea\" cols=\"45\" rows=\"8\" maxlength=\"100\"><\/textarea><\/label><input type=\"hidden\" id=\"ak_js_1\" name=\"_wpcf7_ak_js\" value=\"166\"\/><script type=\"text\/javascript\">\n\/* <![CDATA[ *\/\ndocument.getElementById( \"ak_js_1\" ).setAttribute( \"value\", ( new Date() ).getTime() );\n\/* ]]> *\/\n<\/script>\n<\/p><div class=\"wpcf7-response-output\" aria-hidden=\"true\"><\/div>\n<\/form>\n<\/div>\n<\/div>\n\t\t\t\t<\/div>\n\t\t\t\t<\/div>\n\t\t\t\t\t<\/div>\n\t\t\t\t<\/div>\n\t\t<div class=\"elementor-element elementor-element-0ea5e71 e-flex e-con-boxed e-con e-parent\" data-id=\"0ea5e71\" data-element_type=\"container\" data-e-type=\"container\">\n\t\t\t\t\t<div class=\"e-con-inner\">\n\t\t\t\t<div class=\"elementor-element elementor-element-0268855 elementor-widget elementor-widget-spacer\" data-id=\"0268855\" data-element_type=\"widget\" data-e-type=\"widget\" data-widget_type=\"spacer.default\">\n\t\t\t\t<div class=\"elementor-widget-container\">\n\t\t\t\t\t\t\t<div class=\"elementor-spacer\">\n\t\t\t<div class=\"elementor-spacer-inner\"><\/div>\n\t\t<\/div>\n\t\t\t\t\t\t<\/div>\n\t\t\t\t<\/div>\n\t\t\t\t\t<\/div>\n\t\t\t\t<\/div>\n\t\t\t\t<\/div>\n\t\t","protected":false},"excerpt":{"rendered":"<p>Johannes Saar johannes@lumepix.ee +372 56642878 Whatsapp \u00a0 \u00a0 Lumepix O\u00dc Harju maakond, Tallinn, Kesklinna linnaosa, Nunne tn 2, 10133 e-mail: info@lumepix.ee tehnilised v\u00e4ljakutsed: fixit@lumepix.ee Kirjuta meile: Saada &#916;<\/p>","protected":false},"author":1,"featured_media":0,"parent":0,"menu_order":0,"comment_status":"closed","ping_status":"closed","template":"page-full-width.php","meta":{"footnotes":""},"class_list":["post-5302","page","type-page","status-publish","hentry"],"yoast_head":"<!-- This site is optimized with the Yoast SEO plugin v27.6 - https:\/\/yoast.com\/product\/yoast-seo-wordpress\/ -->\n<title>V\u00f5ta \u00fchendust \u2013 K\u00fcsi ekraanilahenduse pakkumist | Lumepix<\/title>\n<meta name=\"description\" content=\"V\u00f5ta meiega \u00fchendust LED-, LCD-, men\u00fc\u00fc- ja majajuhiekraanide paigalduseks. Konsultatsioon, pakkumine ja tehniline n\u00f5ustamine \u00fcle Baltikumi.\" \/>\n<meta name=\"robots\" content=\"index, follow, max-snippet:-1, max-image-preview:large, max-video-preview:-1\" \/>\n<link rel=\"canonical\" href=\"https:\/\/lumepix.eu\/en\/contact-us\/\" \/>\n<meta property=\"og:locale\" content=\"en_GB\" \/>\n<meta property=\"og:type\" content=\"article\" \/>\n<meta property=\"og:title\" content=\"V\u00f5ta \u00fchendust \u2013 K\u00fcsi ekraanilahenduse pakkumist | Lumepix\" \/>\n<meta property=\"og:description\" content=\"V\u00f5ta meiega \u00fchendust LED-, LCD-, men\u00fc\u00fc- ja majajuhiekraanide paigalduseks. Konsultatsioon, pakkumine ja tehniline n\u00f5ustamine \u00fcle Baltikumi.\" \/>\n<meta property=\"og:url\" content=\"https:\/\/lumepix.eu\/en\/contact-us\/\" \/>\n<meta property=\"og:site_name\" content=\"Lumepix\" \/>\n<meta property=\"article:publisher\" content=\"https:\/\/www.facebook.com\/people\/Lumepix\/61584204856868\/\" \/>\n<meta property=\"article:modified_time\" content=\"2025-10-20T15:44:24+00:00\" \/>\n<meta property=\"og:image\" content=\"https:\/\/lumepix.eu\/wp-content\/uploads\/2024\/10\/1634030231834-300x300.jpg\" \/>\n<meta name=\"twitter:card\" content=\"summary_large_image\" \/>\n<meta name=\"twitter:label1\" content=\"Estimated reading time\" \/>\n\t<meta name=\"twitter:data1\" content=\"1 minute\" \/>\n<script type=\"application\/ld+json\" class=\"yoast-schema-graph\">{\"@context\":\"https:\\\/\\\/schema.org\",\"@graph\":[{\"@type\":\"WebPage\",\"@id\":\"https:\\\/\\\/lumepix.eu\\\/contact-us\\\/\",\"url\":\"https:\\\/\\\/lumepix.eu\\\/contact-us\\\/\",\"name\":\"V\u00f5ta \u00fchendust \u2013 K\u00fcsi ekraanilahenduse pakkumist | Lumepix\",\"isPartOf\":{\"@id\":\"https:\\\/\\\/lumepix.eu\\\/#website\"},\"primaryImageOfPage\":{\"@id\":\"https:\\\/\\\/lumepix.eu\\\/contact-us\\\/#primaryimage\"},\"image\":{\"@id\":\"https:\\\/\\\/lumepix.eu\\\/contact-us\\\/#primaryimage\"},\"thumbnailUrl\":\"https:\\\/\\\/lumepix.eu\\\/wp-content\\\/uploads\\\/2024\\\/10\\\/1634030231834-300x300.jpg\",\"datePublished\":\"2022-12-09T11:55:33+00:00\",\"dateModified\":\"2025-10-20T15:44:24+00:00\",\"description\":\"V\u00f5ta meiega \u00fchendust LED-, LCD-, men\u00fc\u00fc- ja majajuhiekraanide paigalduseks. Konsultatsioon, pakkumine ja tehniline n\u00f5ustamine \u00fcle Baltikumi.\",\"breadcrumb\":{\"@id\":\"https:\\\/\\\/lumepix.eu\\\/contact-us\\\/#breadcrumb\"},\"inLanguage\":\"en-GB\",\"potentialAction\":[{\"@type\":\"ReadAction\",\"target\":[\"https:\\\/\\\/lumepix.eu\\\/contact-us\\\/\"]}]},{\"@type\":\"ImageObject\",\"inLanguage\":\"en-GB\",\"@id\":\"https:\\\/\\\/lumepix.eu\\\/contact-us\\\/#primaryimage\",\"url\":\"https:\\\/\\\/lumepix.eu\\\/wp-content\\\/uploads\\\/2024\\\/10\\\/1634030231834-300x300.jpg\",\"contentUrl\":\"https:\\\/\\\/lumepix.eu\\\/wp-content\\\/uploads\\\/2024\\\/10\\\/1634030231834-300x300.jpg\"},{\"@type\":\"BreadcrumbList\",\"@id\":\"https:\\\/\\\/lumepix.eu\\\/contact-us\\\/#breadcrumb\",\"itemListElement\":[{\"@type\":\"ListItem\",\"position\":1,\"name\":\"Home\",\"item\":\"https:\\\/\\\/lumepix.eu\\\/\"},{\"@type\":\"ListItem\",\"position\":2,\"name\":\"V\u00f5ta meiega \u00fchendust\"}]},{\"@type\":\"WebSite\",\"@id\":\"https:\\\/\\\/lumepix.eu\\\/#website\",\"url\":\"https:\\\/\\\/lumepix.eu\\\/\",\"name\":\"Lumepix\",\"description\":\"Audiovideo lahenduste m\u00fc\u00fck ja paigaldus\",\"publisher\":{\"@id\":\"https:\\\/\\\/lumepix.eu\\\/#organization\"},\"potentialAction\":[{\"@type\":\"SearchAction\",\"target\":{\"@type\":\"EntryPoint\",\"urlTemplate\":\"https:\\\/\\\/lumepix.eu\\\/?s={search_term_string}\"},\"query-input\":{\"@type\":\"PropertyValueSpecification\",\"valueRequired\":true,\"valueName\":\"search_term_string\"}}],\"inLanguage\":\"en-GB\"},{\"@type\":\"Organization\",\"@id\":\"https:\\\/\\\/lumepix.eu\\\/#organization\",\"name\":\"Lumepix\",\"alternateName\":\"Lumepix\",\"url\":\"https:\\\/\\\/lumepix.eu\\\/\",\"logo\":{\"@type\":\"ImageObject\",\"inLanguage\":\"en-GB\",\"@id\":\"https:\\\/\\\/lumepix.eu\\\/#\\\/schema\\\/logo\\\/image\\\/\",\"url\":\"https:\\\/\\\/lumepix.eu\\\/wp-content\\\/uploads\\\/2024\\\/10\\\/Artboard-1-2.png\",\"contentUrl\":\"https:\\\/\\\/lumepix.eu\\\/wp-content\\\/uploads\\\/2024\\\/10\\\/Artboard-1-2.png\",\"width\":100,\"height\":100,\"caption\":\"Lumepix\"},\"image\":{\"@id\":\"https:\\\/\\\/lumepix.eu\\\/#\\\/schema\\\/logo\\\/image\\\/\"},\"sameAs\":[\"https:\\\/\\\/www.facebook.com\\\/people\\\/Lumepix\\\/61584204856868\\\/\",\"https:\\\/\\\/www.linkedin.com\\\/company\\\/106633848\"]}]}<\/script>\n<!-- \/ Yoast SEO plugin. -->","yoast_head_json":{"title":"V\u00f5ta \u00fchendust \u2013 K\u00fcsi ekraanilahenduse pakkumist | Lumepix","description":"V\u00f5ta meiega \u00fchendust LED-, LCD-, men\u00fc\u00fc- ja majajuhiekraanide paigalduseks. Konsultatsioon, pakkumine ja tehniline n\u00f5ustamine \u00fcle Baltikumi.","robots":{"index":"index","follow":"follow","max-snippet":"max-snippet:-1","max-image-preview":"max-image-preview:large","max-video-preview":"max-video-preview:-1"},"canonical":"https:\/\/lumepix.eu\/en\/contact-us\/","og_locale":"en_GB","og_type":"article","og_title":"V\u00f5ta \u00fchendust \u2013 K\u00fcsi ekraanilahenduse pakkumist | Lumepix","og_description":"V\u00f5ta meiega \u00fchendust LED-, LCD-, men\u00fc\u00fc- ja majajuhiekraanide paigalduseks. Konsultatsioon, pakkumine ja tehniline n\u00f5ustamine \u00fcle Baltikumi.","og_url":"https:\/\/lumepix.eu\/en\/contact-us\/","og_site_name":"Lumepix","article_publisher":"https:\/\/www.facebook.com\/people\/Lumepix\/61584204856868\/","article_modified_time":"2025-10-20T15:44:24+00:00","og_image":[{"url":"https:\/\/lumepix.eu\/wp-content\/uploads\/2024\/10\/1634030231834-300x300.jpg","type":"","width":"","height":""}],"twitter_card":"summary_large_image","twitter_misc":{"Estimated reading time":"1 minute"},"schema":{"@context":"https:\/\/schema.org","@graph":[{"@type":"WebPage","@id":"https:\/\/lumepix.eu\/contact-us\/","url":"https:\/\/lumepix.eu\/contact-us\/","name":"V\u00f5ta \u00fchendust \u2013 K\u00fcsi ekraanilahenduse pakkumist | Lumepix","isPartOf":{"@id":"https:\/\/lumepix.eu\/#website"},"primaryImageOfPage":{"@id":"https:\/\/lumepix.eu\/contact-us\/#primaryimage"},"image":{"@id":"https:\/\/lumepix.eu\/contact-us\/#primaryimage"},"thumbnailUrl":"https:\/\/lumepix.eu\/wp-content\/uploads\/2024\/10\/1634030231834-300x300.jpg","datePublished":"2022-12-09T11:55:33+00:00","dateModified":"2025-10-20T15:44:24+00:00","description":"V\u00f5ta meiega \u00fchendust LED-, LCD-, men\u00fc\u00fc- ja majajuhiekraanide paigalduseks. Konsultatsioon, pakkumine ja tehniline n\u00f5ustamine \u00fcle Baltikumi.","breadcrumb":{"@id":"https:\/\/lumepix.eu\/contact-us\/#breadcrumb"},"inLanguage":"en-GB","potentialAction":[{"@type":"ReadAction","target":["https:\/\/lumepix.eu\/contact-us\/"]}]},{"@type":"ImageObject","inLanguage":"en-GB","@id":"https:\/\/lumepix.eu\/contact-us\/#primaryimage","url":"https:\/\/lumepix.eu\/wp-content\/uploads\/2024\/10\/1634030231834-300x300.jpg","contentUrl":"https:\/\/lumepix.eu\/wp-content\/uploads\/2024\/10\/1634030231834-300x300.jpg"},{"@type":"BreadcrumbList","@id":"https:\/\/lumepix.eu\/contact-us\/#breadcrumb","itemListElement":[{"@type":"ListItem","position":1,"name":"Home","item":"https:\/\/lumepix.eu\/"},{"@type":"ListItem","position":2,"name":"V\u00f5ta meiega \u00fchendust"}]},{"@type":"WebSite","@id":"https:\/\/lumepix.eu\/#website","url":"https:\/\/lumepix.eu\/","name":"Lumepix","description":"Audiovideo lahenduste m\u00fc\u00fck ja paigaldus","publisher":{"@id":"https:\/\/lumepix.eu\/#organization"},"potentialAction":[{"@type":"SearchAction","target":{"@type":"EntryPoint","urlTemplate":"https:\/\/lumepix.eu\/?s={search_term_string}"},"query-input":{"@type":"PropertyValueSpecification","valueRequired":true,"valueName":"search_term_string"}}],"inLanguage":"en-GB"},{"@type":"Organization","@id":"https:\/\/lumepix.eu\/#organization","name":"Lumepix","alternateName":"Lumepix","url":"https:\/\/lumepix.eu\/","logo":{"@type":"ImageObject","inLanguage":"en-GB","@id":"https:\/\/lumepix.eu\/#\/schema\/logo\/image\/","url":"https:\/\/lumepix.eu\/wp-content\/uploads\/2024\/10\/Artboard-1-2.png","contentUrl":"https:\/\/lumepix.eu\/wp-content\/uploads\/2024\/10\/Artboard-1-2.png","width":100,"height":100,"caption":"Lumepix"},"image":{"@id":"https:\/\/lumepix.eu\/#\/schema\/logo\/image\/"},"sameAs":["https:\/\/www.facebook.com\/people\/Lumepix\/61584204856868\/","https:\/\/www.linkedin.com\/company\/106633848"]}]}},"_links":{"self":[{"href":"https:\/\/lumepix.eu\/en\/wp-json\/wp\/v2\/pages\/5302","targetHints":{"allow":["GET"]}}],"collection":[{"href":"https:\/\/lumepix.eu\/en\/wp-json\/wp\/v2\/pages"}],"about":[{"href":"https:\/\/lumepix.eu\/en\/wp-json\/wp\/v2\/types\/page"}],"author":[{"embeddable":true,"href":"https:\/\/lumepix.eu\/en\/wp-json\/wp\/v2\/users\/1"}],"replies":[{"embeddable":true,"href":"https:\/\/lumepix.eu\/en\/wp-json\/wp\/v2\/comments?post=5302"}],"version-history":[{"count":67,"href":"https:\/\/lumepix.eu\/en\/wp-json\/wp\/v2\/pages\/5302\/revisions"}],"predecessor-version":[{"id":12789,"href":"https:\/\/lumepix.eu\/en\/wp-json\/wp\/v2\/pages\/5302\/revisions\/12789"}],"wp:attachment":[{"href":"https:\/\/lumepix.eu\/en\/wp-json\/wp\/v2\/media?parent=5302"}],"curies":[{"name":"wp","href":"https:\/\/api.w.org\/{rel}","templated":true}]}}