{"id":13776,"date":"2025-11-25T19:38:12","date_gmt":"2025-11-25T19:38:12","guid":{"rendered":"https:\/\/lumepix.eu\/?page_id=13776"},"modified":"2026-01-08T10:13:10","modified_gmt":"2026-01-08T10:13:10","slug":"tooriistad","status":"publish","type":"page","link":"https:\/\/lumepix.eu\/en\/tooriistad\/","title":{"rendered":"T\u00f6\u00f6riistad"},"content":{"rendered":"<div data-elementor-type=\"wp-page\" data-elementor-id=\"13776\" class=\"elementor elementor-13776\">\n\t\t\t\t<div class=\"elementor-element elementor-element-eeeba82 e-flex e-con-boxed e-con e-parent\" data-id=\"eeeba82\" data-element_type=\"container\" data-e-type=\"container\">\n\t\t\t\t\t<div class=\"e-con-inner\">\n\t\t\t\t<div class=\"elementor-element elementor-element-ad7532d elementor-widget elementor-widget-qi_addons_for_elementor_highlight\" data-id=\"ad7532d\" data-element_type=\"widget\" data-e-type=\"widget\" data-widget_type=\"qi_addons_for_elementor_highlight.default\">\n\t\t\t\t<div class=\"elementor-widget-container\">\n\t\t\t\t\t<p class=\"qodef-shortcode qodef-m qodef-qi-highlight qodef-highlight-style--color translation-block\" >Welcome to <span class=\"qodef-highlight-text\" style=\"background-image: linear-gradient(to bottom, transparent 0%, #DCE900 0%, #DCE900 100%, transparent 100%)\">Lumepix\u2019s smart display calculator hub.\nHere<\/span> you can quickly and accurately determine <span class=\"qodef-highlight-text\" style=\"background-image: linear-gradient(to bottom, transparent 0%, #DCE900 0%, #DCE900 100%, transparent 100%)\">which display, pixel pitch, size, or technology<\/span> best suits your space, viewing distance, and content type.\n\nOur tools are based on AVIXA international standards, hands-on experience, and best practices for LED and LCD solutions.<\/p>\n\t\t\t\t<\/div>\n\t\t\t\t<\/div>\n\t\t\t\t\t<\/div>\n\t\t\t\t<\/div>\n\t\t<div class=\"elementor-element elementor-element-9463e5e e-grid e-con-full e-con e-parent\" data-id=\"9463e5e\" data-element_type=\"container\" data-e-type=\"container\">\n\t\t<div class=\"elementor-element elementor-element-28f2a9f e-grid e-con-full e-con e-child\" data-id=\"28f2a9f\" data-element_type=\"container\" data-e-type=\"container\">\n\t\t\t\t<div class=\"elementor-element elementor-element-0d148f3 elementor-widget elementor-widget-text-editor\" data-id=\"0d148f3\" data-element_type=\"widget\" data-e-type=\"widget\" data-widget_type=\"text-editor.default\">\n\t\t\t\t<div class=\"elementor-widget-container\">\n\t\t\t\t\t\t\t\t\t<h6 data-start=\"1164\" data-end=\"1210\"><strong data-start=\"1168\" data-end=\"1210\">LED \/ LCD Size Suitability Calculator<\/strong><\/h6><p data-start=\"1211\" data-end=\"1384\" class=\"translation-block\">Enter the dimensions of the mounting surface and the tool will calculate:<br data-start=\"1256\" data-end=\"1259\">\u2013 The closest possible LED display size based on modules<br data-start=\"1301\" data-end=\"1304\">\u2013 A suitably sized LCD display<br data-start=\"1334\" data-end=\"1337\">\u2013 A visual comparison of how the display fits the space<\/p>\t\t\t\t\t\t\t\t<\/div>\n\t\t\t\t<\/div>\n\t\t\t\t<div class=\"elementor-element elementor-element-bfb0647 elementor-widget elementor-widget-hawat_core_button\" data-id=\"bfb0647\" data-element_type=\"widget\" data-e-type=\"widget\" data-widget_type=\"hawat_core_button.default\">\n\t\t\t\t<div class=\"elementor-widget-container\">\n\t\t\t\t\t<a class=\"qodef-shortcode qodef-m  qodef-button qodef-layout--filled qodef-size--full qodef-html--link\" href=\"https:\/\/lumepix.eu\/en\/aluspinna-moodu-tooriist\/\" target=\"_blank\" data-hover-background-color=\"#DCE900\" style=\"font-size: 9px\">\n\t<span class=\"qodef-m-text\">calculator<\/span>\n\t<span class=\"qodef-m-icon\"><svg class=\"qodef-svg--plus-20\" width=\"20.252\" height=\"20.252\" viewbox=\"0 0 20.252 20.252\"><path d=\"M0 10.217h20.252M10.125 20.252V0\" \/><\/svg><\/span>\n<\/a>\n\t\t\t\t<\/div>\n\t\t\t\t<\/div>\n\t\t\t\t<\/div>\n\t\t<div class=\"elementor-element elementor-element-02b803e e-grid e-con-full e-con e-child\" data-id=\"02b803e\" data-element_type=\"container\" data-e-type=\"container\">\n\t\t\t\t<div class=\"elementor-element elementor-element-899b8be elementor-widget elementor-widget-text-editor\" data-id=\"899b8be\" data-element_type=\"widget\" data-e-type=\"widget\" data-widget_type=\"text-editor.default\">\n\t\t\t\t<div class=\"elementor-widget-container\">\n\t\t\t\t\t\t\t\t\t<h6 data-start=\"1391\" data-end=\"1438\"><strong data-start=\"1395\" data-end=\"1438\">LED \/ LCD Viewing Distance Calculator<\/strong><\/h6><p data-start=\"1439\" data-end=\"1631\" class=\"translation-block\">Select the viewing distance and content type, and the tool will calculate:<br data-start=\"1490\" data-end=\"1493\">\u2013 The recommended display diagonal<br data-start=\"1520\" data-end=\"1523\">\u2013 A visual distance guide with a \u201chuman figure\u201d<br data-start=\"1567\" data-end=\"1570\">\u2013 A recommendation for display technology (LCD, LED, or video wall)<\/p>\t\t\t\t\t\t\t\t<\/div>\n\t\t\t\t<\/div>\n\t\t\t\t<div class=\"elementor-element elementor-element-d73c159 elementor-widget elementor-widget-hawat_core_button\" data-id=\"d73c159\" data-element_type=\"widget\" data-e-type=\"widget\" data-widget_type=\"hawat_core_button.default\">\n\t\t\t\t<div class=\"elementor-widget-container\">\n\t\t\t\t\t<a class=\"qodef-shortcode qodef-m  qodef-button qodef-layout--filled qodef-size--full qodef-html--link\" href=\"https:\/\/lumepix.eu\/en\/vaatekauguse-tooriist\/\" target=\"_blank\" data-hover-background-color=\"#DCE900\" style=\"font-size: 9px\">\n\t<span class=\"qodef-m-text\">calculator<\/span>\n\t<span class=\"qodef-m-icon\"><svg class=\"qodef-svg--plus-20\" width=\"20.252\" height=\"20.252\" viewbox=\"0 0 20.252 20.252\"><path d=\"M0 10.217h20.252M10.125 20.252V0\" \/><\/svg><\/span>\n<\/a>\n\t\t\t\t<\/div>\n\t\t\t\t<\/div>\n\t\t\t\t<\/div>\n\t\t<div class=\"elementor-element elementor-element-87ca776 e-grid e-con-full e-con e-child\" data-id=\"87ca776\" data-element_type=\"container\" data-e-type=\"container\">\n\t\t\t\t<div class=\"elementor-element elementor-element-f03ceca elementor-widget elementor-widget-text-editor\" data-id=\"f03ceca\" data-element_type=\"widget\" data-e-type=\"widget\" data-widget_type=\"text-editor.default\">\n\t\t\t\t<div class=\"elementor-widget-container\">\n\t\t\t\t\t\t\t\t\t<h6 data-start=\"908\" data-end=\"948\"><strong data-start=\"912\" data-end=\"948\">LED Pixel Pitch Calculator<\/strong><\/h6><p data-start=\"949\" data-end=\"1157\" class=\"translation-block\">Find the optimal LED pixel pitch based on viewing distance, content type, and ambient brightness level.<br data-start=\"1042\" data-end=\"1045\">\u2013 Based on AVIXA VAD and ACD standards<br data-start=\"1084\" data-end=\"1087\">\u2013 Suitable for selecting LED displays for both indoor and outdoor environments<\/p>\t\t\t\t\t\t\t\t<\/div>\n\t\t\t\t<\/div>\n\t\t\t\t<div class=\"elementor-element elementor-element-26c2b5b elementor-widget elementor-widget-hawat_core_button\" data-id=\"26c2b5b\" data-element_type=\"widget\" data-e-type=\"widget\" data-widget_type=\"hawat_core_button.default\">\n\t\t\t\t<div class=\"elementor-widget-container\">\n\t\t\t\t\t<a class=\"qodef-shortcode qodef-m  qodef-button qodef-layout--filled qodef-size--full qodef-html--link\" href=\"https:\/\/lumepix.eu\/en\/piklsisammu-kalkulaator\/\" target=\"_blank\" data-hover-background-color=\"#DCE900\" style=\"font-size: 9px\">\n\t<span class=\"qodef-m-text\">calculator<\/span>\n\t<span class=\"qodef-m-icon\"><svg class=\"qodef-svg--plus-20\" width=\"20.252\" height=\"20.252\" viewbox=\"0 0 20.252 20.252\"><path d=\"M0 10.217h20.252M10.125 20.252V0\" \/><\/svg><\/span>\n<\/a>\n\t\t\t\t<\/div>\n\t\t\t\t<\/div>\n\t\t\t\t<\/div>\n\t\t\t\t<\/div>\n\t\t\t\t<\/div>","protected":false},"excerpt":{"rendered":"<p>Tere tulemast Lumepixi nutikate ekraanikalkulaatorite keskusesse. Siin saad kiiresti ja t\u00e4pselt v\u00e4lja selgitada, milline ekraan, pikslisamm, suurus v\u00f5i tehnoloogia sobib sinu ruumi, vaatekauguse ja sisut\u00fc\u00fcbi jaoks k\u00f5ige paremini. Meie t\u00f6\u00f6riistad p\u00f5hinevad AVIXA rahvusvahelistel standarditel, praktilistel kogemustel ning LED- ja LCD-lahenduste parimatel praktikal. LED \/ LCD m\u00f5\u00f5dusobivuse kalkulaator Sisesta aluspinna m\u00f5\u00f5dud ja t\u00f6\u00f6riist arvutab:\u2013 L\u00e4hima v\u00f5imaliku [&hellip;]<\/p>\n","protected":false},"author":1,"featured_media":0,"parent":0,"menu_order":0,"comment_status":"closed","ping_status":"closed","template":"","meta":{"footnotes":""},"class_list":["post-13776","page","type-page","status-publish","hentry"],"yoast_head":"<!-- This site is optimized with the Yoast SEO plugin v27.5 - https:\/\/yoast.com\/product\/yoast-seo-wordpress\/ -->\n<title>T\u00f6\u00f6riistad - Lumepix<\/title>\n<meta name=\"robots\" content=\"index, follow, max-snippet:-1, max-image-preview:large, max-video-preview:-1\" \/>\n<link rel=\"canonical\" href=\"https:\/\/lumepix.eu\/en\/tooriistad\/\" \/>\n<meta property=\"og:locale\" content=\"en_GB\" \/>\n<meta property=\"og:type\" content=\"article\" \/>\n<meta property=\"og:title\" content=\"T\u00f6\u00f6riistad - Lumepix\" \/>\n<meta property=\"og:description\" content=\"Tere tulemast Lumepixi nutikate ekraanikalkulaatorite keskusesse. Siin saad kiiresti ja t\u00e4pselt v\u00e4lja selgitada, milline ekraan, pikslisamm, suurus v\u00f5i tehnoloogia sobib sinu ruumi, vaatekauguse ja sisut\u00fc\u00fcbi jaoks k\u00f5ige paremini. Meie t\u00f6\u00f6riistad p\u00f5hinevad AVIXA rahvusvahelistel standarditel, praktilistel kogemustel ning LED- ja LCD-lahenduste parimatel praktikal. LED \/ LCD m\u00f5\u00f5dusobivuse kalkulaator Sisesta aluspinna m\u00f5\u00f5dud ja t\u00f6\u00f6riist arvutab:\u2013 L\u00e4hima v\u00f5imaliku [&hellip;]\" \/>\n<meta property=\"og:url\" content=\"https:\/\/lumepix.eu\/en\/tooriistad\/\" \/>\n<meta property=\"og:site_name\" content=\"Lumepix\" \/>\n<meta property=\"article:publisher\" content=\"https:\/\/www.facebook.com\/people\/Lumepix\/61584204856868\/\" \/>\n<meta property=\"article:modified_time\" content=\"2026-01-08T10:13:10+00:00\" \/>\n<meta property=\"og:image\" content=\"https:\/\/lumepix.eu\/wp-content\/uploads\/2024\/10\/Artboard-1.png\" \/>\n\t<meta property=\"og:image:width\" content=\"416\" \/>\n\t<meta property=\"og:image:height\" content=\"93\" \/>\n\t<meta property=\"og:image:type\" content=\"image\/png\" \/>\n<meta name=\"twitter:card\" content=\"summary_large_image\" \/>\n<meta name=\"twitter:label1\" content=\"Estimated reading time\" \/>\n\t<meta name=\"twitter:data1\" content=\"1 minute\" \/>\n<script type=\"application\/ld+json\" class=\"yoast-schema-graph\">{\"@context\":\"https:\\\/\\\/schema.org\",\"@graph\":[{\"@type\":\"WebPage\",\"@id\":\"https:\\\/\\\/lumepix.eu\\\/tooriistad\\\/\",\"url\":\"https:\\\/\\\/lumepix.eu\\\/tooriistad\\\/\",\"name\":\"T\u00f6\u00f6riistad - Lumepix\",\"isPartOf\":{\"@id\":\"https:\\\/\\\/lumepix.eu\\\/#website\"},\"datePublished\":\"2025-11-25T19:38:12+00:00\",\"dateModified\":\"2026-01-08T10:13:10+00:00\",\"breadcrumb\":{\"@id\":\"https:\\\/\\\/lumepix.eu\\\/tooriistad\\\/#breadcrumb\"},\"inLanguage\":\"en-GB\",\"potentialAction\":[{\"@type\":\"ReadAction\",\"target\":[\"https:\\\/\\\/lumepix.eu\\\/tooriistad\\\/\"]}]},{\"@type\":\"BreadcrumbList\",\"@id\":\"https:\\\/\\\/lumepix.eu\\\/tooriistad\\\/#breadcrumb\",\"itemListElement\":[{\"@type\":\"ListItem\",\"position\":1,\"name\":\"Home\",\"item\":\"https:\\\/\\\/lumepix.eu\\\/\"},{\"@type\":\"ListItem\",\"position\":2,\"name\":\"T\u00f6\u00f6riistad\"}]},{\"@type\":\"WebSite\",\"@id\":\"https:\\\/\\\/lumepix.eu\\\/#website\",\"url\":\"https:\\\/\\\/lumepix.eu\\\/\",\"name\":\"Lumepix\",\"description\":\"Audiovideo lahenduste m\u00fc\u00fck ja paigaldus\",\"publisher\":{\"@id\":\"https:\\\/\\\/lumepix.eu\\\/#organization\"},\"potentialAction\":[{\"@type\":\"SearchAction\",\"target\":{\"@type\":\"EntryPoint\",\"urlTemplate\":\"https:\\\/\\\/lumepix.eu\\\/?s={search_term_string}\"},\"query-input\":{\"@type\":\"PropertyValueSpecification\",\"valueRequired\":true,\"valueName\":\"search_term_string\"}}],\"inLanguage\":\"en-GB\"},{\"@type\":\"Organization\",\"@id\":\"https:\\\/\\\/lumepix.eu\\\/#organization\",\"name\":\"Lumepix\",\"alternateName\":\"Lumepix\",\"url\":\"https:\\\/\\\/lumepix.eu\\\/\",\"logo\":{\"@type\":\"ImageObject\",\"inLanguage\":\"en-GB\",\"@id\":\"https:\\\/\\\/lumepix.eu\\\/#\\\/schema\\\/logo\\\/image\\\/\",\"url\":\"https:\\\/\\\/lumepix.eu\\\/wp-content\\\/uploads\\\/2024\\\/10\\\/Artboard-1-2.png\",\"contentUrl\":\"https:\\\/\\\/lumepix.eu\\\/wp-content\\\/uploads\\\/2024\\\/10\\\/Artboard-1-2.png\",\"width\":100,\"height\":100,\"caption\":\"Lumepix\"},\"image\":{\"@id\":\"https:\\\/\\\/lumepix.eu\\\/#\\\/schema\\\/logo\\\/image\\\/\"},\"sameAs\":[\"https:\\\/\\\/www.facebook.com\\\/people\\\/Lumepix\\\/61584204856868\\\/\",\"https:\\\/\\\/www.linkedin.com\\\/company\\\/106633848\"]}]}<\/script>\n<!-- \/ Yoast SEO plugin. -->","yoast_head_json":{"title":"T\u00f6\u00f6riistad - Lumepix","robots":{"index":"index","follow":"follow","max-snippet":"max-snippet:-1","max-image-preview":"max-image-preview:large","max-video-preview":"max-video-preview:-1"},"canonical":"https:\/\/lumepix.eu\/en\/tooriistad\/","og_locale":"en_GB","og_type":"article","og_title":"T\u00f6\u00f6riistad - Lumepix","og_description":"Tere tulemast Lumepixi nutikate ekraanikalkulaatorite keskusesse. Siin saad kiiresti ja t\u00e4pselt v\u00e4lja selgitada, milline ekraan, pikslisamm, suurus v\u00f5i tehnoloogia sobib sinu ruumi, vaatekauguse ja sisut\u00fc\u00fcbi jaoks k\u00f5ige paremini. Meie t\u00f6\u00f6riistad p\u00f5hinevad AVIXA rahvusvahelistel standarditel, praktilistel kogemustel ning LED- ja LCD-lahenduste parimatel praktikal. LED \/ LCD m\u00f5\u00f5dusobivuse kalkulaator Sisesta aluspinna m\u00f5\u00f5dud ja t\u00f6\u00f6riist arvutab:\u2013 L\u00e4hima v\u00f5imaliku [&hellip;]","og_url":"https:\/\/lumepix.eu\/en\/tooriistad\/","og_site_name":"Lumepix","article_publisher":"https:\/\/www.facebook.com\/people\/Lumepix\/61584204856868\/","article_modified_time":"2026-01-08T10:13:10+00:00","og_image":[{"width":416,"height":93,"url":"https:\/\/lumepix.eu\/wp-content\/uploads\/2024\/10\/Artboard-1.png","type":"image\/png"}],"twitter_card":"summary_large_image","twitter_misc":{"Estimated reading time":"1 minute"},"schema":{"@context":"https:\/\/schema.org","@graph":[{"@type":"WebPage","@id":"https:\/\/lumepix.eu\/tooriistad\/","url":"https:\/\/lumepix.eu\/tooriistad\/","name":"T\u00f6\u00f6riistad - Lumepix","isPartOf":{"@id":"https:\/\/lumepix.eu\/#website"},"datePublished":"2025-11-25T19:38:12+00:00","dateModified":"2026-01-08T10:13:10+00:00","breadcrumb":{"@id":"https:\/\/lumepix.eu\/tooriistad\/#breadcrumb"},"inLanguage":"en-GB","potentialAction":[{"@type":"ReadAction","target":["https:\/\/lumepix.eu\/tooriistad\/"]}]},{"@type":"BreadcrumbList","@id":"https:\/\/lumepix.eu\/tooriistad\/#breadcrumb","itemListElement":[{"@type":"ListItem","position":1,"name":"Home","item":"https:\/\/lumepix.eu\/"},{"@type":"ListItem","position":2,"name":"T\u00f6\u00f6riistad"}]},{"@type":"WebSite","@id":"https:\/\/lumepix.eu\/#website","url":"https:\/\/lumepix.eu\/","name":"Lumepix","description":"Audiovideo lahenduste m\u00fc\u00fck ja paigaldus","publisher":{"@id":"https:\/\/lumepix.eu\/#organization"},"potentialAction":[{"@type":"SearchAction","target":{"@type":"EntryPoint","urlTemplate":"https:\/\/lumepix.eu\/?s={search_term_string}"},"query-input":{"@type":"PropertyValueSpecification","valueRequired":true,"valueName":"search_term_string"}}],"inLanguage":"en-GB"},{"@type":"Organization","@id":"https:\/\/lumepix.eu\/#organization","name":"Lumepix","alternateName":"Lumepix","url":"https:\/\/lumepix.eu\/","logo":{"@type":"ImageObject","inLanguage":"en-GB","@id":"https:\/\/lumepix.eu\/#\/schema\/logo\/image\/","url":"https:\/\/lumepix.eu\/wp-content\/uploads\/2024\/10\/Artboard-1-2.png","contentUrl":"https:\/\/lumepix.eu\/wp-content\/uploads\/2024\/10\/Artboard-1-2.png","width":100,"height":100,"caption":"Lumepix"},"image":{"@id":"https:\/\/lumepix.eu\/#\/schema\/logo\/image\/"},"sameAs":["https:\/\/www.facebook.com\/people\/Lumepix\/61584204856868\/","https:\/\/www.linkedin.com\/company\/106633848"]}]}},"_links":{"self":[{"href":"https:\/\/lumepix.eu\/en\/wp-json\/wp\/v2\/pages\/13776","targetHints":{"allow":["GET"]}}],"collection":[{"href":"https:\/\/lumepix.eu\/en\/wp-json\/wp\/v2\/pages"}],"about":[{"href":"https:\/\/lumepix.eu\/en\/wp-json\/wp\/v2\/types\/page"}],"author":[{"embeddable":true,"href":"https:\/\/lumepix.eu\/en\/wp-json\/wp\/v2\/users\/1"}],"replies":[{"embeddable":true,"href":"https:\/\/lumepix.eu\/en\/wp-json\/wp\/v2\/comments?post=13776"}],"version-history":[{"count":19,"href":"https:\/\/lumepix.eu\/en\/wp-json\/wp\/v2\/pages\/13776\/revisions"}],"predecessor-version":[{"id":14021,"href":"https:\/\/lumepix.eu\/en\/wp-json\/wp\/v2\/pages\/13776\/revisions\/14021"}],"wp:attachment":[{"href":"https:\/\/lumepix.eu\/en\/wp-json\/wp\/v2\/media?parent=13776"}],"curies":[{"name":"wp","href":"https:\/\/api.w.org\/{rel}","templated":true}]}}